{"id":269,"date":"2021-07-13T15:22:07","date_gmt":"2021-07-13T18:22:07","guid":{"rendered":"https:\/\/expector.com.br\/?page_id=269"},"modified":"2025-10-15T15:55:34","modified_gmt":"2025-10-15T18:55:34","slug":"expector-cinta","status":"publish","type":"page","link":"https:\/\/expector.com.br\/en\/expector-cinta\/","title":{"rendered":"Expector Cinta"},"content":{"rendered":"\n<section class=\"wp-block-uagb-columns uagb-columns__wrap uagb-columns__background-undefined uagb-columns__stack-mobile uagb-columns__valign-undefined uagb-columns__gap-10 alignundefined uagb-columns__reverse-mobile uagb-block-20634a9f\"><div class=\"uagb-columns__overlay\"><\/div><div class=\"uagb-columns__inner-wrap uagb-columns__columns-2\">\n<div class=\"wp-block-uagb-column uagb-column__wrap uagb-column__background-undefined uagb-block-91ab9dcd istic-sf-special-font\"><div class=\"uagb-column__overlay\"><\/div><div class=\"uagb-column__inner-wrap\">\n<div class=\"wp-block-image\"><figure class=\"alignleft size-large is-resized\"><a href=\"https:\/\/expector.com.br\/wp-content\/uploads\/2021\/07\/expector_logotipo_header.png\"><img loading=\"lazy\" decoding=\"async\" src=\"https:\/\/expector.com.br\/wp-content\/uploads\/2021\/07\/expector_logotipo_header.png\" alt=\"\" class=\"wp-image-34\" width=\"164\" height=\"32\" srcset=\"https:\/\/expector.com.br\/wp-content\/uploads\/2021\/07\/expector_logotipo_header.png 360w, https:\/\/expector.com.br\/wp-content\/uploads\/2021\/07\/expector_logotipo_header-300x59.png 300w\" sizes=\"auto, (max-width: 164px) 100vw, 164px\" \/><\/a><\/figure><\/div>\n\n\n\n<p class=\"has-text-color\" style=\"color:#454545;font-size:15px\"><br><\/p>\n\n\n\n<p><\/p>\n\n\n\n<p class=\"has-text-color\" style=\"color:#454545;font-size:15px\">O Colete de Vibra\u00e7\u00e3o Tor\u00e1cica para Higiene Br\u00f4nquica \u2013 Expector\u00ae tem tamanhos para pacientes pedi\u00e1tricos, infanto\/juvenil, adultos e obesos, bem como tamanhos especiais sob medida &#8211; veja tabela de refer\u00eancia abaixo.<\/p>\n\n\n\n<p class=\"has-text-color\" style=\"color:#454545;font-size:15px\">Os elementos estruturais internos\/nichos s\u00e3o compostos em polietileno moldado, duplamente revestido com tecido especial resistente aos processos de assepsia &#8211; aprovado para uso em UTI. Tamb\u00e9m pode ser revestido por barreira f\u00edsica \u2013 por exemplo, TNT descart\u00e1vel.<\/p>\n\n\n\n<section class=\"wp-block-uagb-section uagb-section__wrap uagb-section__background-undefined uagb-block-b26716bc\"><div class=\"uagb-section__overlay\"><\/div><div class=\"uagb-section__inner-wrap\"><\/div><\/section>\n\n\n\n<div class=\"wp-block-buttons is-layout-flex wp-block-buttons-is-layout-flex\">\n<div class=\"wp-block-button istic-sf-buy-expector\"><a class=\"wp-block-button__link has-background\" href=\"\/loja\/coletes\/expector\" style=\"border-radius:3px;background-color:#14449e\">Adquira AGORA o seu Expector\u00ae<\/a><\/div>\n<\/div>\n<\/div><\/div>\n\n\n\n<div class=\"wp-block-uagb-column uagb-column__wrap uagb-column__background-image uagb-block-b09ed86b\"><div class=\"uagb-column__overlay\"><\/div><div class=\"uagb-column__inner-wrap\">\n<figure class=\"wp-block-image size-large\"><img loading=\"lazy\" decoding=\"async\" width=\"461\" height=\"461\" src=\"https:\/\/expector.com.br\/wp-content\/uploads\/2021\/07\/expector-colete-transparente-1.png\" alt=\"\" class=\"wp-image-37\" srcset=\"https:\/\/expector.com.br\/wp-content\/uploads\/2021\/07\/expector-colete-transparente-1.png 461w, https:\/\/expector.com.br\/wp-content\/uploads\/2021\/07\/expector-colete-transparente-1-300x300.png 300w, https:\/\/expector.com.br\/wp-content\/uploads\/2021\/07\/expector-colete-transparente-1-150x150.png 150w, https:\/\/expector.com.br\/wp-content\/uploads\/2021\/07\/expector-colete-transparente-1-324x324.png 324w, https:\/\/expector.com.br\/wp-content\/uploads\/2021\/07\/expector-colete-transparente-1-416x416.png 416w, https:\/\/expector.com.br\/wp-content\/uploads\/2021\/07\/expector-colete-transparente-1-100x100.png 100w\" sizes=\"auto, (max-width: 461px) 100vw, 461px\" \/><\/figure>\n<\/div><\/div>\n<\/div><\/section>\n\n\n\n<section class=\"wp-block-uagb-section uagb-section__wrap uagb-section__background-color uagb-block-8d48b763 istic-sf-background-fullwidth\"><div class=\"uagb-section__overlay\"><\/div><div class=\"uagb-section__inner-wrap\">\n<section class=\"wp-block-uagb-columns uagb-columns__wrap uagb-columns__background-undefined uagb-columns__stack-mobile uagb-columns__valign-undefined uagb-columns__gap-10 alignundefined uagb-block-7574399e\"><div class=\"uagb-columns__overlay\"><\/div><div class=\"uagb-columns__inner-wrap uagb-columns__columns-2\">\n<div class=\"wp-block-uagb-column uagb-column__wrap uagb-column__background-undefined uagb-block-e3101f36\"><div class=\"uagb-column__overlay\"><\/div><div class=\"uagb-column__inner-wrap\">\n<figure class=\"wp-block-image size-large\"><img loading=\"lazy\" decoding=\"async\" width=\"569\" height=\"543\" src=\"https:\/\/expector.com.br\/wp-content\/uploads\/2021\/07\/expector-pulmao.png\" alt=\"\" class=\"wp-image-41\" srcset=\"https:\/\/expector.com.br\/wp-content\/uploads\/2021\/07\/expector-pulmao.png 569w, https:\/\/expector.com.br\/wp-content\/uploads\/2021\/07\/expector-pulmao-300x286.png 300w, https:\/\/expector.com.br\/wp-content\/uploads\/2021\/07\/expector-pulmao-416x397.png 416w\" sizes=\"auto, (max-width: 569px) 100vw, 569px\" \/><\/figure>\n<\/div><\/div>\n\n\n\n<div class=\"wp-block-uagb-column uagb-column__wrap uagb-column__background-undefined uagb-block-ff934335 istic-sf-special-font\"><div class=\"uagb-column__overlay\"><\/div><div class=\"uagb-column__inner-wrap\">\n<p class=\"has-white-color has-text-color\" style=\"font-size:15px\">Para execu\u00e7\u00e3o das t\u00e9cnicas de vibra\u00e7\u00e3o, Expector\u00ae possui um ou um conjunto de dispositivos eletromec\u00e2nicos, cuja quantidade varia em fun\u00e7\u00e3o da vers\u00e3o.<\/p>\n\n\n\n<p class=\"has-white-color has-text-color\" style=\"font-size:15px\">Expector\u00ae funciona em baixa pot\u00eancia, 12V, n\u00e3o oferecendo riscos aos usu\u00e1rios. A alimenta\u00e7\u00e3o \u00e9 realizada por meio de fonte 100-240VAC, 5A X DC 12V sa\u00edda, certificada para uso m\u00e9dico. As condi\u00e7\u00f5es de uso s\u00e3o: Temperatura: 10-40+C e Umidade 30-85+ UR%. Ainda que seu revestimento interno seja a prova de \u00e1gua (IP 45) n\u00e3o deve ser molhado ou submerso.<\/p>\n\n\n\n<p class=\"has-white-color has-text-color\" style=\"font-size:15px\">Expector\u00ae possui PLC com sistema integrado comandado por controle para suas fun\u00e7\u00f5es de tempo, modo e intensidade de vibra\u00e7\u00e3o.<\/p>\n<\/div><\/div>\n<\/div><\/section>\n<\/div><\/section>\n\n\n\n<section class=\"wp-block-uagb-columns uagb-columns__wrap uagb-columns__background-undefined uagb-columns__stack-mobile uagb-columns__valign-undefined uagb-columns__gap-10 alignundefined uagb-columns__reverse-mobile uagb-block-fef07a91\"><div class=\"uagb-columns__overlay\"><\/div><div class=\"uagb-columns__inner-wrap uagb-columns__columns-2\">\n<div class=\"wp-block-uagb-column uagb-column__wrap uagb-column__background-undefined uagb-block-54efb2e7 istic-sf-special-font\"><div class=\"uagb-column__overlay\"><\/div><div class=\"uagb-column__inner-wrap\">\n<p class=\"has-text-color\" style=\"color:#454545;font-size:15px\">Quando devidamente ajustado no Paciente pelo Fisioterapeuta, Expector\u00ae realiza vibra\u00e7\u00f5es na caixa tor\u00e1cica &#8211; deslocando, alterando a reologia e removendo o muco, promovendo benef\u00edcios semelhantes aos das t\u00e9cnicas convencionais de fisioterapia respirat\u00f3ria de mobiliza\u00e7\u00e3o e remo\u00e7\u00e3o de secre\u00e7\u00e3o.<\/p>\n\n\n\n<p class=\"has-text-color\" style=\"color:#454545;font-size:15px\">Expector\u00ae est\u00e1 em fase de prot\u00f3tipo operacional e tem Patentes e Marca requeridas ao Instituto Nacional de Propriedade Industrial \u2013 INPI, em modelos adulto, pedi\u00e1trico e neonatal.<\/p>\n\n\n\n<section class=\"wp-block-uagb-section uagb-section__wrap uagb-section__background-undefined uagb-block-8b144869\"><div class=\"uagb-section__overlay\"><\/div><div class=\"uagb-section__inner-wrap\"><\/div><\/section>\n\n\n\n<div class=\"wp-block-buttons is-layout-flex wp-block-buttons-is-layout-flex\">\n<div class=\"wp-block-button istic-sf-buy-expector\"><a class=\"wp-block-button__link has-white-color has-text-color has-background\" href=\"\/loja\/coletes\/expector\" style=\"border-radius:3px;background-color:#14449e\">Adquira J\u00c1 o seu Expector\u00ae<\/a><\/div>\n<\/div>\n<\/div><\/div>\n\n\n\n<div class=\"wp-block-uagb-column uagb-column__wrap uagb-column__background-image uagb-block-41be7a7e\"><div class=\"uagb-column__overlay\"><\/div><div class=\"uagb-column__inner-wrap\">\n<figure class=\"wp-block-image size-large\"><img loading=\"lazy\" decoding=\"async\" width=\"570\" height=\"313\" src=\"https:\/\/expector.com.br\/wp-content\/uploads\/2021\/07\/expector-colete-transparente-2.png\" alt=\"\" class=\"wp-image-38\" srcset=\"https:\/\/expector.com.br\/wp-content\/uploads\/2021\/07\/expector-colete-transparente-2.png 570w, https:\/\/expector.com.br\/wp-content\/uploads\/2021\/07\/expector-colete-transparente-2-300x165.png 300w, https:\/\/expector.com.br\/wp-content\/uploads\/2021\/07\/expector-colete-transparente-2-416x228.png 416w\" sizes=\"auto, (max-width: 570px) 100vw, 570px\" \/><\/figure>\n<\/div><\/div>\n<\/div><\/section>\n\n\n\n<p class=\"istic-sf-products-list-container\">Pe\u00e7as de reposi\u00e7\u00e3o? Veja nossa linha de acess\u00f3rios!<br>\t\t\t<div class=\"woopspro-product-slider-wrap\">\n\t\t\t\t<div class=\"woocommerce woopspro-product-slider\" id=\"woopspro-product-slider-1\">\n\t\t\t\t<ul class=\"products columns-3\">\n<li class=\"product type-product post-147 status-publish first instock product_cat-coletes taxable shipping-taxable product-type-variable\">\n\t<a href=\"https:\/\/expector.com.br\/en\/produto\/expector\/\" class=\"woocommerce-LoopProduct-link woocommerce-loop-product__link\"><img loading=\"lazy\" decoding=\"async\" width=\"324\" height=\"324\" src=\"https:\/\/expector.com.br\/wp-content\/uploads\/woocommerce-placeholder-324x324.png\" class=\"woocommerce-placeholder wp-post-image\" alt=\"Placeholder\" srcset=\"https:\/\/expector.com.br\/wp-content\/uploads\/woocommerce-placeholder-324x324.png 324w, https:\/\/expector.com.br\/wp-content\/uploads\/woocommerce-placeholder-100x100.png 100w, https:\/\/expector.com.br\/wp-content\/uploads\/woocommerce-placeholder-416x416.png 416w, https:\/\/expector.com.br\/wp-content\/uploads\/woocommerce-placeholder-300x300.png 300w, https:\/\/expector.com.br\/wp-content\/uploads\/woocommerce-placeholder-1024x1024.png 1024w, https:\/\/expector.com.br\/wp-content\/uploads\/woocommerce-placeholder-150x150.png 150w, https:\/\/expector.com.br\/wp-content\/uploads\/woocommerce-placeholder-768x768.png 768w, https:\/\/expector.com.br\/wp-content\/uploads\/woocommerce-placeholder.png 1200w\" sizes=\"auto, (max-width: 324px) 100vw, 324px\" \/><h2 class=\"woocommerce-loop-product__title\"><\/h2>\n\t<span class=\"price\"><a href=\"#\" class=\"button istic-sf-registration-button\"><\/a><\/span>\n<\/a><a href=\"https:\/\/expector.com.br\/en\/produto\/expector\/\" aria-describedby=\"woocommerce_loop_add_to_cart_link_describedby_147\" data-quantity=\"1\" class=\"button product_type_variable\" data-product_id=\"147\" data-product_sku=\"90191000\" aria-label=\"Select options for &ldquo;&rdquo;\" rel=\"nofollow\">Read more<\/a>\t<span id=\"woocommerce_loop_add_to_cart_link_describedby_147\" class=\"screen-reader-text\">\n\t\t\t<\/span>\n        <script type=\"text\/javascript\">\r\n            jQuery(\"form.variations_form.cart, .button.product_type_variable\")\r\n                .before('<a href=\"#\" class=\"button istic-sf-registration-button\"><\/a>')\r\n                .remove();\r\n\r\n            jQuery(\".price\").remove();\r\n\r\n            jQuery(\".woocommerce-product-details__short-description\").css(\"margin-top\", \"25px\");\r\n\r\n            jQuery(\".istic-sf-registration-button\")\r\n                .attr(\"href\", \"https:\/\/expector.com.br\/en\/account\/\")\r\n                .text(\"Sign up to see our prices!\");\r\n        <\/script>\r\n    <\/li>\n<li class=\"product type-product post-1556 status-publish instock product_cat-canguru product_cat-cinta post-password-required taxable shipping-taxable product-type-variable\">\n\t<a href=\"https:\/\/expector.com.br\/en\/produto\/expector-canguru\/\" class=\"woocommerce-LoopProduct-link woocommerce-loop-product__link\"><img loading=\"lazy\" decoding=\"async\" width=\"324\" height=\"324\" src=\"https:\/\/expector.com.br\/wp-content\/uploads\/woocommerce-placeholder-324x324.png\" class=\"woocommerce-placeholder wp-post-image\" alt=\"Placeholder\" srcset=\"https:\/\/expector.com.br\/wp-content\/uploads\/woocommerce-placeholder-324x324.png 324w, https:\/\/expector.com.br\/wp-content\/uploads\/woocommerce-placeholder-100x100.png 100w, https:\/\/expector.com.br\/wp-content\/uploads\/woocommerce-placeholder-416x416.png 416w, https:\/\/expector.com.br\/wp-content\/uploads\/woocommerce-placeholder-300x300.png 300w, https:\/\/expector.com.br\/wp-content\/uploads\/woocommerce-placeholder-1024x1024.png 1024w, https:\/\/expector.com.br\/wp-content\/uploads\/woocommerce-placeholder-150x150.png 150w, https:\/\/expector.com.br\/wp-content\/uploads\/woocommerce-placeholder-768x768.png 768w, https:\/\/expector.com.br\/wp-content\/uploads\/woocommerce-placeholder.png 1200w\" sizes=\"auto, (max-width: 324px) 100vw, 324px\" \/><h2 class=\"woocommerce-loop-product__title\">Protected:<\/h2>\n\t<span class=\"price\"><a href=\"#\" class=\"button istic-sf-registration-button\"><\/a><\/span>\n<\/a><a href=\"https:\/\/expector.com.br\/en\/produto\/expector-canguru\/\" aria-describedby=\"woocommerce_loop_add_to_cart_link_describedby_1556\" data-quantity=\"1\" class=\"button product_type_variable\" data-product_id=\"1556\" data-product_sku=\"90191000-1-1\" aria-label=\"Select options for &ldquo;&rdquo;\" rel=\"nofollow\">Read more<\/a>\t<span id=\"woocommerce_loop_add_to_cart_link_describedby_1556\" class=\"screen-reader-text\">\n\t\t\t<\/span>\n        <script type=\"text\/javascript\">\r\n            jQuery(\"form.variations_form.cart, .button.product_type_variable\")\r\n                .before('<a href=\"#\" class=\"button istic-sf-registration-button\"><\/a>')\r\n                .remove();\r\n\r\n            jQuery(\".price\").remove();\r\n\r\n            jQuery(\".woocommerce-product-details__short-description\").css(\"margin-top\", \"25px\");\r\n\r\n            jQuery(\".istic-sf-registration-button\")\r\n                .attr(\"href\", \"https:\/\/expector.com.br\/en\/account\/\")\r\n                .text(\"Sign up to see our prices!\");\r\n        <\/script>\r\n    <\/li>\n<li class=\"product type-product post-362 status-publish last instock product_cat-cinta has-post-thumbnail post-password-required taxable shipping-taxable product-type-variable\">\n\t<a href=\"https:\/\/expector.com.br\/en\/produto\/expector-2\/\" class=\"woocommerce-LoopProduct-link woocommerce-loop-product__link\"><img loading=\"lazy\" decoding=\"async\" width=\"324\" height=\"324\" src=\"https:\/\/expector.com.br\/wp-content\/uploads\/2021\/11\/PRO-Site-1-324x324.jpg\" class=\"attachment-woocommerce_thumbnail size-woocommerce_thumbnail\" alt=\"\" srcset=\"https:\/\/expector.com.br\/wp-content\/uploads\/2021\/11\/PRO-Site-1-324x324.jpg 324w, https:\/\/expector.com.br\/wp-content\/uploads\/2021\/11\/PRO-Site-1-150x150.jpg 150w, https:\/\/expector.com.br\/wp-content\/uploads\/2021\/11\/PRO-Site-1-100x100.jpg 100w\" sizes=\"auto, (max-width: 324px) 100vw, 324px\" \/><h2 class=\"woocommerce-loop-product__title\">Protected:<\/h2>\n\t<span class=\"price\"><a href=\"#\" class=\"button istic-sf-registration-button\"><\/a><\/span>\n<\/a><a href=\"https:\/\/expector.com.br\/en\/produto\/expector-2\/\" aria-describedby=\"woocommerce_loop_add_to_cart_link_describedby_362\" data-quantity=\"1\" class=\"button product_type_variable\" data-product_id=\"362\" data-product_sku=\"90191000-1\" aria-label=\"Select options for &ldquo;&rdquo;\" rel=\"nofollow\">Read more<\/a>\t<span id=\"woocommerce_loop_add_to_cart_link_describedby_362\" class=\"screen-reader-text\">\n\t\t\t<\/span>\n        <script type=\"text\/javascript\">\r\n            jQuery(\"form.variations_form.cart, .button.product_type_variable\")\r\n                .before('<a href=\"#\" class=\"button istic-sf-registration-button\"><\/a>')\r\n                .remove();\r\n\r\n            jQuery(\".price\").remove();\r\n\r\n            jQuery(\".woocommerce-product-details__short-description\").css(\"margin-top\", \"25px\");\r\n\r\n            jQuery(\".istic-sf-registration-button\")\r\n                .attr(\"href\", \"https:\/\/expector.com.br\/en\/account\/\")\r\n                .text(\"Sign up to see our prices!\");\r\n        <\/script>\r\n    <\/li>\n<\/ul>\n\t\t\t\t<\/div>\n\t\t\t\t\t\t\t\t<div class=\"woopspro-slider-conf\" data-conf=\"{&quot;slide_to_show&quot;:4,&quot;slide_to_show_for_mobile&quot;:1,&quot;slide_to_show_for_tablet&quot;:2,&quot;slide_to_show_for_laptop&quot;:3,&quot;slide_to_scroll&quot;:4,&quot;slide_to_scroll_for_mobile&quot;:1,&quot;slide_to_scroll_for_tablet&quot;:2,&quot;slide_to_scroll_for_laptop&quot;:3,&quot;autoplay&quot;:true,&quot;autoplay_speed&quot;:3000,&quot;speed&quot;:500,&quot;arrows&quot;:true,&quot;dots&quot;:false,&quot;rtl&quot;:false,&quot;slider_cls&quot;:&quot;products&quot;}\"><\/div>\n\t\t\t<\/div>\n\t\t\t<\/p>\n\n\n\n<section class=\"wp-block-uagb-section uagb-section__wrap uagb-section__background-undefined uagb-block-95273350\"><div class=\"uagb-section__overlay\"><\/div><div class=\"uagb-section__inner-wrap\"><\/div><\/section>\n","protected":false},"excerpt":{"rendered":"<p>O Colete de Vibra\u00e7\u00e3o Tor\u00e1cica para Higiene Br\u00f4nquica \u2013 Expector\u00ae tem tamanhos para pacientes pedi\u00e1tricos, infanto\/juvenil, adultos e obesos, bem como tamanhos especiais sob medida &#8211; veja tabela de refer\u00eancia abaixo. Os elementos estruturais internos\/nichos s\u00e3o compostos em polietileno moldado, duplamente revestido com tecido especial resistente aos processos de assepsia &#8211; aprovado para uso em [&hellip;]<\/p>\n","protected":false},"author":1,"featured_media":0,"parent":0,"menu_order":0,"comment_status":"closed","ping_status":"closed","template":"","meta":{"_uag_custom_page_level_css":"","footnotes":""},"class_list":["post-269","page","type-page","status-publish","hentry"],"uagb_featured_image_src":{"full":false,"thumbnail":false,"medium":false,"medium_large":false,"large":false,"1536x1536":false,"2048x2048":false,"woocommerce_thumbnail":false,"woocommerce_single":false,"woocommerce_gallery_thumbnail":false},"uagb_author_info":{"display_name":"Admilson Marin","author_link":"https:\/\/expector.com.br\/en\/author\/_administrador\/"},"uagb_comment_info":0,"uagb_excerpt":"O Colete de Vibra\u00e7\u00e3o Tor\u00e1cica para Higiene Br\u00f4nquica \u2013 Expector\u00ae tem tamanhos para pacientes pedi\u00e1tricos, infanto\/juvenil, adultos e obesos, bem como tamanhos especiais sob medida &#8211; veja tabela de refer\u00eancia abaixo. Os elementos estruturais internos\/nichos s\u00e3o compostos em polietileno moldado, duplamente revestido com tecido especial resistente aos processos de assepsia &#8211; aprovado para uso em&hellip;","_links":{"self":[{"href":"https:\/\/expector.com.br\/en\/wp-json\/wp\/v2\/pages\/269","targetHints":{"allow":["GET"]}}],"collection":[{"href":"https:\/\/expector.com.br\/en\/wp-json\/wp\/v2\/pages"}],"about":[{"href":"https:\/\/expector.com.br\/en\/wp-json\/wp\/v2\/types\/page"}],"author":[{"embeddable":true,"href":"https:\/\/expector.com.br\/en\/wp-json\/wp\/v2\/users\/1"}],"replies":[{"embeddable":true,"href":"https:\/\/expector.com.br\/en\/wp-json\/wp\/v2\/comments?post=269"}],"version-history":[{"count":42,"href":"https:\/\/expector.com.br\/en\/wp-json\/wp\/v2\/pages\/269\/revisions"}],"predecessor-version":[{"id":1808,"href":"https:\/\/expector.com.br\/en\/wp-json\/wp\/v2\/pages\/269\/revisions\/1808"}],"wp:attachment":[{"href":"https:\/\/expector.com.br\/en\/wp-json\/wp\/v2\/media?parent=269"}],"curies":[{"name":"wp","href":"https:\/\/api.w.org\/{rel}","templated":true}]}}