{"id":69,"date":"2021-07-02T17:07:16","date_gmt":"2021-07-02T20:07:16","guid":{"rendered":"https:\/\/expector.com.br\/?page_id=69"},"modified":"2025-08-30T21:12:36","modified_gmt":"2025-08-31T00:12:36","slug":"politica-de-troca","status":"publish","type":"page","link":"https:\/\/expector.com.br\/en\/politica-de-troca\/","title":{"rendered":"Pol\u00edtica de Troca"},"content":{"rendered":"\n<h2 class=\"wp-block-heading\">Pol\u00edtica de Troca da Expector<\/h2>\n\n\n\n<p><strong>Motivos de Troca:<\/strong> Envio incorreto ou incompleto, arrependimento, defeito.<\/p>\n\n\n\n<p>Em caso de envio incorreto ou incompleto, o cliente tem at\u00e9 7 dias corridos, contados a partir da data de entrega, para notificar a Expector; e at\u00e9 30 dias corridos, contados a partir da data de entrega, para retornar o produto. Para que a devolu\u00e7\u00e3o seja aceita o pacote deve estar como foi recebido pelo cliente, com todas as unidades enviadas, <strong>sem nenhum dano sofrido<\/strong> e <strong>acompanhado da nota fiscal<\/strong>.<\/p>\n\n\n\n<p>Em caso de arrependimento, a lei prev\u00ea que o cliente tem at\u00e9 7 dias corridos, contados a partir da data da compra, para notificar a Expector e retornar todos os produtos junto com declara\u00e7\u00e3o de arrependimento assinada e reconhecida em cart\u00f3rio. Caso estes pr\u00e9-requisitos sejam atendidos, o cliente ser\u00e1 integralmente ressarcido, incluindo os custos de transporte para devolu\u00e7\u00e3o.<\/p>\n\n\n\n<p>Em caso de defeito, o cliente tem at\u00e9 30 dias corridos, a contar a partir da data de entrega, para devolver o produto para an\u00e1lise do defeito, de acordo com o c\u00f3digo do consumidor. A Expector n\u00e3o se responsabiliza pela troca de produtos com desgaste excessivo, com sinais de danos causados por uso inadequado, sinais de perfura\u00e7\u00e3o por objetos pontiagudos ou cortantes, reparados\/colados ou com qualquer altera\u00e7\u00e3o que oculte as caracter\u00edsticas originais do produto.<\/p>\n\n\n\n<p><\/p>\n","protected":false},"excerpt":{"rendered":"<p>Pol\u00edtica de Troca da Expector Motivos de Troca: Envio incorreto ou incompleto, arrependimento, defeito. Em caso de envio incorreto ou incompleto, o cliente tem at\u00e9 7 dias corridos, contados a partir da data de entrega, para notificar a Expector; e at\u00e9 30 dias corridos, contados a partir da data de entrega, para retornar o produto. [&hellip;]<\/p>\n","protected":false},"author":1,"featured_media":0,"parent":0,"menu_order":0,"comment_status":"closed","ping_status":"closed","template":"","meta":{"_uag_custom_page_level_css":"","footnotes":""},"class_list":["post-69","page","type-page","status-publish","hentry"],"uagb_featured_image_src":{"full":false,"thumbnail":false,"medium":false,"medium_large":false,"large":false,"1536x1536":false,"2048x2048":false,"woocommerce_thumbnail":false,"woocommerce_single":false,"woocommerce_gallery_thumbnail":false},"uagb_author_info":{"display_name":"Admilson Marin","author_link":"https:\/\/expector.com.br\/en\/author\/_administrador\/"},"uagb_comment_info":0,"uagb_excerpt":"Pol\u00edtica de Troca da Expector Motivos de Troca: Envio incorreto ou incompleto, arrependimento, defeito. Em caso de envio incorreto ou incompleto, o cliente tem at\u00e9 7 dias corridos, contados a partir da data de entrega, para notificar a Expector; e at\u00e9 30 dias corridos, contados a partir da data de entrega, para retornar o produto.&hellip;","_links":{"self":[{"href":"https:\/\/expector.com.br\/en\/wp-json\/wp\/v2\/pages\/69","targetHints":{"allow":["GET"]}}],"collection":[{"href":"https:\/\/expector.com.br\/en\/wp-json\/wp\/v2\/pages"}],"about":[{"href":"https:\/\/expector.com.br\/en\/wp-json\/wp\/v2\/types\/page"}],"author":[{"embeddable":true,"href":"https:\/\/expector.com.br\/en\/wp-json\/wp\/v2\/users\/1"}],"replies":[{"embeddable":true,"href":"https:\/\/expector.com.br\/en\/wp-json\/wp\/v2\/comments?post=69"}],"version-history":[{"count":3,"href":"https:\/\/expector.com.br\/en\/wp-json\/wp\/v2\/pages\/69\/revisions"}],"predecessor-version":[{"id":268,"href":"https:\/\/expector.com.br\/en\/wp-json\/wp\/v2\/pages\/69\/revisions\/268"}],"wp:attachment":[{"href":"https:\/\/expector.com.br\/en\/wp-json\/wp\/v2\/media?parent=69"}],"curies":[{"name":"wp","href":"https:\/\/api.w.org\/{rel}","templated":true}]}}