{"id":58,"date":"2021-07-02T16:58:33","date_gmt":"2021-07-02T19:58:33","guid":{"rendered":"https:\/\/expector.com.br\/pt\/?page_id=58"},"modified":"2025-08-30T21:21:55","modified_gmt":"2025-08-31T00:21:55","slug":"inicio","status":"publish","type":"page","link":"https:\/\/expector.com.br\/es\/","title":{"rendered":""},"content":{"rendered":"\n\n\n\n\n\n\n\n\n<section class=\"wp-block-uagb-section uagb-section__wrap uagb-section__background-color uagb-block-bf460610 istic-sf-background-fullwidth\"><div class=\"uagb-section__overlay\"><\/div><div class=\"uagb-section__inner-wrap\">\n<section class=\"wp-block-uagb-columns uagb-columns__wrap uagb-columns__background-color uagb-columns__stack-mobile uagb-columns__valign-undefined uagb-columns__gap-10 alignundefined uagb-block-79273f96 istic-sf-home-video-banner\"><div class=\"uagb-columns__overlay\"><\/div><div class=\"uagb-columns__inner-wrap uagb-columns__columns-2\">\n<div class=\"wp-block-uagb-column uagb-column__wrap uagb-column__background-color uagb-block-f6576d06\"><div class=\"uagb-column__overlay\"><\/div><div class=\"uagb-column__inner-wrap\">\n<figure class=\"wp-block-embed is-type-video is-provider-youtube wp-block-embed-youtube wp-embed-aspect-16-9 wp-has-aspect-ratio\"><div class=\"wp-block-embed__wrapper\">\n<iframe loading=\"lazy\" title=\"Tecnologia e inova\u00e7\u00e3o aliadas \u00e0 \u00e1rea da sa\u00fade\" width=\"980\" height=\"551\" src=\"https:\/\/www.youtube.com\/embed\/HdCUQya0a0w?feature=oembed\" frameborder=\"0\" allow=\"accelerometer; autoplay; clipboard-write; encrypted-media; gyroscope; picture-in-picture\" allowfullscreen><\/iframe>\n<\/div><\/figure>\n<\/div><\/div>\n\n\n\n<div class=\"wp-block-uagb-column uagb-column__wrap uagb-column__background-color uagb-block-86a70d4b\"><div class=\"uagb-column__overlay\"><\/div><div class=\"uagb-column__inner-wrap\">\n\n<\/div><\/div>\n<\/div><\/section>\n\n\n\n<section class=\"wp-block-uagb-columns uagb-columns__wrap uagb-columns__background-undefined uagb-columns__stack-mobile uagb-columns__valign-undefined uagb-columns__gap-10 alignundefined uagb-block-2064f795\"><div class=\"uagb-columns__overlay\"><\/div><div class=\"uagb-columns__inner-wrap uagb-columns__columns-2\">\n<div class=\"wp-block-uagb-column uagb-column__wrap uagb-column__background-undefined uagb-block-a9d92065\"><div class=\"uagb-column__overlay\"><\/div><div class=\"uagb-column__inner-wrap\">\n<p class=\"istic-sf-special-font istic-sf-font-weight-500 has-white-color has-text-color\" style=\"font-size:30px\"><strong>A FISIOTERAPIA RESPIRAT\u00d3RIA E OS APARELHOS DE VIBRA\u00c7\u00c3O TOR\u00c1CICA<\/strong><\/p>\n<\/div><\/div>\n\n\n\n<div class=\"wp-block-uagb-column uagb-column__wrap uagb-column__background-undefined uagb-block-bc3c3200 istic-sf-special-font\"><div class=\"uagb-column__overlay\"><\/div><div class=\"uagb-column__inner-wrap\">\n<p class=\"has-white-color has-text-color\" style=\"font-size:15px\">A fisioterapia respirat\u00f3ria \u00e9 um conjunto de t\u00e9cnicas manuais que podem ser preventivas ou curativas e t\u00eam como objetivo mobilizar secre\u00e7\u00f5es, melhorar a oxigena\u00e7\u00e3o do sangue, promover a reexpans\u00e3o pulmonar, diminuir o trabalho respirat\u00f3rio, reeducar a fun\u00e7\u00e3o respirat\u00f3ria e prevenir complica\u00e7\u00f5es.<\/p>\n\n\n\n<p class=\"has-white-color has-text-color\" style=\"font-size:15px\">Muitos pacientes podem se beneficiar com a fisioterapia respirat\u00f3ria, incluindo pacientes com diagn\u00f3stico de Asma Br\u00f4nquica, Bronquite Cr\u00f4nica, DPOC, Enfisema Pulmonar, Bronquiolite, Fibrose C\u00edstica, Fibrose Pulmonar, Pneumonias, Doen\u00e7as Oncol\u00f3gicas, Pr\u00e9 e P\u00f3s Operat\u00f3rio de Cirurgias Tor\u00e1cicas e Abdominais, entre outras.<\/p>\n\n\n\n<p class=\"has-white-color has-text-color\" style=\"font-size:15px\">No Brasil, conforme resolu\u00e7\u00f5es do Conselho Federal de Fisioterapia e Terapia Ocupacional \u2013 COFFITO, a fisioterapia respirat\u00f3ria deve ser realizada por fisioterapeuta com especializa\u00e7\u00e3o na \u00e1rea, que utiliza t\u00e9cnicas de higiene br\u00f4nquica adequadas \u00e0s necessidades do paciente, por exemplo: drenagem postural, percuss\u00e3o ou tapotagem, compress\u00e3o tor\u00e1cica e aspira\u00e7\u00e3o naso\/oro traqueal se necess\u00e1rio, manobras de reexpans\u00e3o pulmonar e tamb\u00e9m alguns recursos fisioterap\u00eauticos como respira\u00e7\u00e3o com press\u00e3o positiva intermitente, treinamento muscular respirat\u00f3rio, press\u00e3o expirat\u00f3ria positiva, oscila\u00e7\u00e3o oral de alta frequ\u00eancia e treinamento muscular respirat\u00f3rio.<\/p>\n<\/div><\/div>\n<\/div><\/section>\n<\/div><\/section>\n\n\n\n<section class=\"wp-block-uagb-columns uagb-columns__wrap uagb-columns__background-undefined uagb-columns__stack-mobile uagb-columns__valign-undefined uagb-columns__gap-10 alignundefined uagb-columns__reverse-mobile uagb-block-50fe7a79\"><div class=\"uagb-columns__overlay\"><\/div><div class=\"uagb-columns__inner-wrap uagb-columns__columns-2\">\n<div class=\"wp-block-uagb-column uagb-column__wrap uagb-column__background-undefined uagb-block-cbbfa486 istic-sf-special-font\"><div class=\"uagb-column__overlay\"><\/div><div class=\"uagb-column__inner-wrap\">\n<p style=\"font-size:15px\">Com esses recursos espera-se uma maior mobiliza\u00e7\u00e3o das secre\u00e7\u00f5es pulmonares, propiciando maior expectora\u00e7\u00e3o, melhora da complac\u00eancia pulmonar e da troca gasosa, diminuindo a falta de ar.<\/p>\n\n\n\n<p style=\"font-size:15px\">Pr\u00e1tica comum no exterior, os aparelhos de vibra\u00e7\u00e3o de alta frequ\u00eancia da caixa tor\u00e1cica eram pouco utilizados no Brasil devido ao alto pre\u00e7o e, em especial, falta de pesquisas que comprovassem a sua qualidade, efic\u00e1cia e seguran\u00e7a de aplica\u00e7\u00e3o.<\/p>\n\n\n\n<p style=\"font-size:15px\">Quando devidamente ajustado no paciente pelo Fisioterapeuta Respirat\u00f3rio, estes aparelhos realizam vibra\u00e7\u00f5es em intensidade\/frequ\u00eancia, modo e tempo controladas pelo fisioterapeuta &#8211; deslocando, alterando a reologia e drenando o muco, promovendo benef\u00edcios semelhantes aos das t\u00e9cnicas de vibra\u00e7\u00e3o manual. A utiliza\u00e7\u00e3o de t\u00e9cnicas combinadas, por exemplo, vibra\u00e7\u00e3o + nebuliza\u00e7\u00e3o \u00e9 ainda mais eficaz na mobiliza\u00e7\u00e3o das secre\u00e7\u00f5es.<\/p>\n\n\n\n<p style=\"font-size:15px\">\u00c9 importante ressaltar que eles atuam como uma das ferramentas dos fisioterapeutas, que s\u00e3o os respons\u00e1veis pela aplica\u00e7\u00e3o do protocolo completo da sess\u00e3o de fisioterapia respirat\u00f3ria.<br>As tecnologias de vibra\u00e7\u00e3o mais utilizadas por estes aparelhos s\u00e3o a eletromec\u00e2nica \u2013 micromotores (como o vibracall do celular) e a pneum\u00e1tica \u2013 compressores de ar.<\/p>\n<\/div><\/div>\n\n\n\n<div class=\"wp-block-uagb-column uagb-column__wrap uagb-column__background-image uagb-block-860b8266\"><div class=\"uagb-column__overlay\"><\/div><div class=\"uagb-column__inner-wrap\">\n<figure class=\"wp-block-image size-large\"><img loading=\"lazy\" decoding=\"async\" width=\"733\" height=\"857\" src=\"https:\/\/expector.com.br\/wp-content\/uploads\/2021\/07\/expector-esqueleto.png\" alt=\"\" class=\"wp-image-39\" srcset=\"https:\/\/expector.com.br\/wp-content\/uploads\/2021\/07\/expector-esqueleto.png 733w, https:\/\/expector.com.br\/wp-content\/uploads\/2021\/07\/expector-esqueleto-257x300.png 257w, https:\/\/expector.com.br\/wp-content\/uploads\/2021\/07\/expector-esqueleto-416x486.png 416w\" sizes=\"auto, (max-width: 733px) 100vw, 733px\" \/><\/figure>\n<\/div><\/div>\n<\/div><\/section>\n\n\n\n<section class=\"wp-block-uagb-section uagb-section__wrap uagb-section__background-color uagb-block-8000afb0 istic-sf-background-fullwidth\"><div class=\"uagb-section__overlay\"><\/div><div class=\"uagb-section__inner-wrap\">\n<section class=\"wp-block-uagb-columns uagb-columns__wrap uagb-columns__background-undefined uagb-columns__stack-mobile uagb-columns__valign-undefined uagb-columns__gap-10 alignundefined uagb-block-156b8a56\"><div class=\"uagb-columns__overlay\"><\/div><div class=\"uagb-columns__inner-wrap uagb-columns__columns-2\">\n<div class=\"wp-block-uagb-column uagb-column__wrap uagb-column__background-undefined uagb-block-d3a973ea\"><div class=\"uagb-column__overlay\"><\/div><div class=\"uagb-column__inner-wrap\">\n<figure class=\"wp-block-image size-large\"><img loading=\"lazy\" decoding=\"async\" width=\"569\" height=\"543\" src=\"https:\/\/expector.com.br\/wp-content\/uploads\/2021\/07\/expector-pulmao.png\" alt=\"\" class=\"wp-image-41\" srcset=\"https:\/\/expector.com.br\/wp-content\/uploads\/2021\/07\/expector-pulmao.png 569w, https:\/\/expector.com.br\/wp-content\/uploads\/2021\/07\/expector-pulmao-300x286.png 300w, https:\/\/expector.com.br\/wp-content\/uploads\/2021\/07\/expector-pulmao-416x397.png 416w\" sizes=\"auto, (max-width: 569px) 100vw, 569px\" \/><\/figure>\n<\/div><\/div>\n\n\n\n<div class=\"wp-block-uagb-column uagb-column__wrap uagb-column__background-undefined uagb-block-fe5cb051 istic-sf-special-font\"><div class=\"uagb-column__overlay\"><\/div><div class=\"uagb-column__inner-wrap\">\n<p class=\"has-white-color has-text-color\" style=\"font-size:15px\">Expector\u00ae, cujo primeiro pedido de patente data de maio\/2007, j\u00e1 tem duas pesquisas que comprovaram sua efic\u00e1cia e seguran\u00e7a de aplica\u00e7\u00e3o e mais tr\u00eas em andamento\/projeto. Existem muitos outros trabalhos cient\u00edficos no Brasil e no exterior que comprovam a efic\u00e1cia das t\u00e9cnicas de fisioterapia respirat\u00f3ria, bem como, dos aparelhos de vibra\u00e7\u00e3o tor\u00e1cica de alta frequ\u00eancia, HFCWO \u2013 High Frequency Chest Wall Oscillation.<\/p>\n\n\n\n<p class=\"has-white-color has-text-color\" style=\"font-size:15px\">Nosso objetivo \u00e9 auxiliar os Fisioterapeutas Respirat\u00f3rios na sua especialidade, tornando acess\u00edvel aos pacientes um aparelho de vibra\u00e7\u00e3o tor\u00e1cica state of art em qualidade, efic\u00e1cia e seguran\u00e7a. Expector\u00ae \u2013 Remove Secre\u00e7\u00f5es dos Pulm\u00f5es.<\/p>\n\n\n\n<p class=\"has-white-color has-text-color\" style=\"font-size:15px\">IMPORTANTE: Expector\u00ae \u00e9 um poderoso aliado do Fisioterapeuta Respirat\u00f3rio na manuten\u00e7\u00e3o da higiene br\u00f4nquica e deve ser utilizado em aux\u00edlio \u00e0 fisioterapia respirat\u00f3ria prescrita pelo(a) M\u00e9dico(a) e executada pelo Fisioterapeuta Respirat\u00f3rio. Todo o descrito aqui tem cunho estritamente informativo, em hip\u00f3tese alguma pretende substituir a consulta m\u00e9dica, a realiza\u00e7\u00e3o de exames, o tratamento e, em especial, a fisioterapia respirat\u00f3ria realizada pelo Fisioterapeuta Respirat\u00f3rio. Em caso de d\u00favidas converse com seu(ua) M\u00e9dico(a) e\/ou seu(ua) Fisioterapeuta Respirat\u00f3rio.<\/p>\n<\/div><\/div>\n<\/div><\/section>\n<\/div><\/section>\n\n\n\n<p class=\"has-text-align-center\"><strong>Tabela de tamanhos<\/strong><\/p>\n\n\n\n<p class=\"has-text-align-center\">Apenas como refer\u00eancia. O tamanho final ser\u00e1 informado por ocasi\u00e3o do preenchimento do relat\u00f3rio.<\/p>\n\n\n\n<section class=\"wp-block-uagb-section uagb-section__wrap uagb-section__background-undefined uagb-block-bcb65b94\"><div class=\"uagb-section__overlay\"><\/div><div class=\"uagb-section__inner-wrap\">\n<div class=\"wp-block-image\"><figure class=\"aligncenter size-large\"><a href=\"https:\/\/expector.com.br\/wp-content\/uploads\/2021\/07\/63bc0d7bf1239472682dedc356e2b133.jpg\"><img loading=\"lazy\" decoding=\"async\" width=\"870\" height=\"604\" src=\"https:\/\/expector.com.br\/wp-content\/uploads\/2021\/07\/63bc0d7bf1239472682dedc356e2b133.jpg\" alt=\"\" class=\"wp-image-200\" srcset=\"https:\/\/expector.com.br\/wp-content\/uploads\/2021\/07\/63bc0d7bf1239472682dedc356e2b133.jpg 870w, https:\/\/expector.com.br\/wp-content\/uploads\/2021\/07\/63bc0d7bf1239472682dedc356e2b133-300x208.jpg 300w, https:\/\/expector.com.br\/wp-content\/uploads\/2021\/07\/63bc0d7bf1239472682dedc356e2b133-768x533.jpg 768w, https:\/\/expector.com.br\/wp-content\/uploads\/2021\/07\/63bc0d7bf1239472682dedc356e2b133-416x289.jpg 416w\" sizes=\"auto, (max-width: 870px) 100vw, 870px\" \/><\/a><\/figure><\/div>\n<\/div><\/section>\n\n\n\n<p class=\"has-text-align-center\">Garantias: 3 anos para componentes eletr\u00f4nicos\/controle e fonte e 1 ano para o revestimento externo.<\/p>\n\n\n\n<p class=\"has-text-align-center\">O revestimento externo &#8211; vide paleta de cores abaixo, pode ser adquirido separadamente, com recomenda\u00e7\u00e3o de substitui\u00e7\u00e3o&nbsp;anual.<\/p>\n\n\n\n<div class=\"wp-block-image\"><figure class=\"aligncenter size-large\"><img loading=\"lazy\" decoding=\"async\" width=\"941\" height=\"78\" src=\"https:\/\/expector.com.br\/wp-content\/uploads\/2021\/07\/9b54c9c3b2120fbedead969fb6cef4d7.jpg\" alt=\"\" class=\"wp-image-199\" srcset=\"https:\/\/expector.com.br\/wp-content\/uploads\/2021\/07\/9b54c9c3b2120fbedead969fb6cef4d7.jpg 941w, https:\/\/expector.com.br\/wp-content\/uploads\/2021\/07\/9b54c9c3b2120fbedead969fb6cef4d7-300x25.jpg 300w, https:\/\/expector.com.br\/wp-content\/uploads\/2021\/07\/9b54c9c3b2120fbedead969fb6cef4d7-768x64.jpg 768w, https:\/\/expector.com.br\/wp-content\/uploads\/2021\/07\/9b54c9c3b2120fbedead969fb6cef4d7-416x34.jpg 416w\" sizes=\"auto, (max-width: 941px) 100vw, 941px\" \/><\/figure><\/div>\n\n\n\n<p><\/p><\/p>\n\n\n\n<p><\/p>\n\n\n\n<p class=\"istic-sf-products-list-container\">Confira nossa linha de acess\u00f3rios para seu Expector\u00ae!<br>\t\t\t<div class=\"woopspro-product-slider-wrap\">\n\t\t\t\t<div class=\"woocommerce woopspro-product-slider\" id=\"woopspro-product-slider-1\">\n\t\t\t\t<ul class=\"products columns-3\">\n<li class=\"product type-product post-1556 status-publish first instock product_cat-canguru product_cat-cinta post-password-required taxable shipping-taxable product-type-variable\">\n\t<a href=\"https:\/\/expector.com.br\/es\/produto\/expector-canguru\/\" class=\"woocommerce-LoopProduct-link woocommerce-loop-product__link\"><img loading=\"lazy\" decoding=\"async\" width=\"324\" height=\"324\" src=\"https:\/\/expector.com.br\/wp-content\/uploads\/woocommerce-placeholder-324x324.png\" class=\"woocommerce-placeholder wp-post-image\" alt=\"Marcador\" srcset=\"https:\/\/expector.com.br\/wp-content\/uploads\/woocommerce-placeholder-324x324.png 324w, https:\/\/expector.com.br\/wp-content\/uploads\/woocommerce-placeholder-100x100.png 100w, https:\/\/expector.com.br\/wp-content\/uploads\/woocommerce-placeholder-416x416.png 416w, https:\/\/expector.com.br\/wp-content\/uploads\/woocommerce-placeholder-300x300.png 300w, https:\/\/expector.com.br\/wp-content\/uploads\/woocommerce-placeholder-1024x1024.png 1024w, https:\/\/expector.com.br\/wp-content\/uploads\/woocommerce-placeholder-150x150.png 150w, https:\/\/expector.com.br\/wp-content\/uploads\/woocommerce-placeholder-768x768.png 768w, https:\/\/expector.com.br\/wp-content\/uploads\/woocommerce-placeholder.png 1200w\" sizes=\"auto, (max-width: 324px) 100vw, 324px\" \/><h2 class=\"woocommerce-loop-product__title\">Protegido:<\/h2>\n\t<span class=\"price\"><a href=\"#\" class=\"button istic-sf-registration-button\"><\/a><\/span>\n<\/a><a href=\"https:\/\/expector.com.br\/es\/produto\/expector-canguru\/\" aria-describedby=\"woocommerce_loop_add_to_cart_link_describedby_1556\" data-quantity=\"1\" class=\"button product_type_variable\" data-product_id=\"1556\" data-product_sku=\"90191000-1-1\" aria-label=\"Elige las opciones para &ldquo;&rdquo;\" rel=\"nofollow\">Read more<\/a>\t<span id=\"woocommerce_loop_add_to_cart_link_describedby_1556\" class=\"screen-reader-text\">\n\t\t\t<\/span>\n        <script type=\"text\/javascript\">\r\n            jQuery(\"form.variations_form.cart, .button.product_type_variable\")\r\n                .before('<a href=\"#\" class=\"button istic-sf-registration-button\"><\/a>')\r\n                .remove();\r\n\r\n            jQuery(\".price\").remove();\r\n\r\n            jQuery(\".woocommerce-product-details__short-description\").css(\"margin-top\", \"25px\");\r\n\r\n            jQuery(\".istic-sf-registration-button\")\r\n                .attr(\"href\", \"https:\/\/expector.com.br\/es\/account\/\")\r\n                .text(\"Registre-se para ver os pre\u00e7os!\");\r\n        <\/script>\r\n    <\/li>\n<li class=\"product type-product post-147 status-publish instock product_cat-coletes taxable shipping-taxable product-type-variable\">\n\t<a href=\"https:\/\/expector.com.br\/es\/produto\/expector\/\" class=\"woocommerce-LoopProduct-link woocommerce-loop-product__link\"><img loading=\"lazy\" decoding=\"async\" width=\"324\" height=\"324\" src=\"https:\/\/expector.com.br\/wp-content\/uploads\/woocommerce-placeholder-324x324.png\" class=\"woocommerce-placeholder wp-post-image\" alt=\"Marcador\" srcset=\"https:\/\/expector.com.br\/wp-content\/uploads\/woocommerce-placeholder-324x324.png 324w, https:\/\/expector.com.br\/wp-content\/uploads\/woocommerce-placeholder-100x100.png 100w, https:\/\/expector.com.br\/wp-content\/uploads\/woocommerce-placeholder-416x416.png 416w, https:\/\/expector.com.br\/wp-content\/uploads\/woocommerce-placeholder-300x300.png 300w, https:\/\/expector.com.br\/wp-content\/uploads\/woocommerce-placeholder-1024x1024.png 1024w, https:\/\/expector.com.br\/wp-content\/uploads\/woocommerce-placeholder-150x150.png 150w, https:\/\/expector.com.br\/wp-content\/uploads\/woocommerce-placeholder-768x768.png 768w, https:\/\/expector.com.br\/wp-content\/uploads\/woocommerce-placeholder.png 1200w\" sizes=\"auto, (max-width: 324px) 100vw, 324px\" \/><h2 class=\"woocommerce-loop-product__title\"><\/h2>\n\t<span class=\"price\"><a href=\"#\" class=\"button istic-sf-registration-button\"><\/a><\/span>\n<\/a><a href=\"https:\/\/expector.com.br\/es\/produto\/expector\/\" aria-describedby=\"woocommerce_loop_add_to_cart_link_describedby_147\" data-quantity=\"1\" class=\"button product_type_variable\" data-product_id=\"147\" data-product_sku=\"90191000\" aria-label=\"Elige las opciones para &ldquo;&rdquo;\" rel=\"nofollow\">Read more<\/a>\t<span id=\"woocommerce_loop_add_to_cart_link_describedby_147\" class=\"screen-reader-text\">\n\t\t\t<\/span>\n        <script type=\"text\/javascript\">\r\n            jQuery(\"form.variations_form.cart, .button.product_type_variable\")\r\n                .before('<a href=\"#\" class=\"button istic-sf-registration-button\"><\/a>')\r\n                .remove();\r\n\r\n            jQuery(\".price\").remove();\r\n\r\n            jQuery(\".woocommerce-product-details__short-description\").css(\"margin-top\", \"25px\");\r\n\r\n            jQuery(\".istic-sf-registration-button\")\r\n                .attr(\"href\", \"https:\/\/expector.com.br\/es\/account\/\")\r\n                .text(\"Registre-se para ver os pre\u00e7os!\");\r\n        <\/script>\r\n    <\/li>\n<li class=\"product type-product post-362 status-publish last instock product_cat-cinta has-post-thumbnail post-password-required taxable shipping-taxable product-type-variable\">\n\t<a href=\"https:\/\/expector.com.br\/es\/produto\/expector-2\/\" class=\"woocommerce-LoopProduct-link woocommerce-loop-product__link\"><img loading=\"lazy\" decoding=\"async\" width=\"324\" height=\"324\" src=\"https:\/\/expector.com.br\/wp-content\/uploads\/2021\/11\/PRO-Site-1-324x324.jpg\" class=\"attachment-woocommerce_thumbnail size-woocommerce_thumbnail\" alt=\"\" srcset=\"https:\/\/expector.com.br\/wp-content\/uploads\/2021\/11\/PRO-Site-1-324x324.jpg 324w, https:\/\/expector.com.br\/wp-content\/uploads\/2021\/11\/PRO-Site-1-150x150.jpg 150w, https:\/\/expector.com.br\/wp-content\/uploads\/2021\/11\/PRO-Site-1-100x100.jpg 100w\" sizes=\"auto, (max-width: 324px) 100vw, 324px\" \/><h2 class=\"woocommerce-loop-product__title\">Protegido:<\/h2>\n\t<span class=\"price\"><a href=\"#\" class=\"button istic-sf-registration-button\"><\/a><\/span>\n<\/a><a href=\"https:\/\/expector.com.br\/es\/produto\/expector-2\/\" aria-describedby=\"woocommerce_loop_add_to_cart_link_describedby_362\" data-quantity=\"1\" class=\"button product_type_variable\" data-product_id=\"362\" data-product_sku=\"90191000-1\" aria-label=\"Elige las opciones para &ldquo;&rdquo;\" rel=\"nofollow\">Read more<\/a>\t<span id=\"woocommerce_loop_add_to_cart_link_describedby_362\" class=\"screen-reader-text\">\n\t\t\t<\/span>\n        <script type=\"text\/javascript\">\r\n            jQuery(\"form.variations_form.cart, .button.product_type_variable\")\r\n                .before('<a href=\"#\" class=\"button istic-sf-registration-button\"><\/a>')\r\n                .remove();\r\n\r\n            jQuery(\".price\").remove();\r\n\r\n            jQuery(\".woocommerce-product-details__short-description\").css(\"margin-top\", \"25px\");\r\n\r\n            jQuery(\".istic-sf-registration-button\")\r\n                .attr(\"href\", \"https:\/\/expector.com.br\/es\/account\/\")\r\n                .text(\"Registre-se para ver os pre\u00e7os!\");\r\n        <\/script>\r\n    <\/li>\n<\/ul>\n\t\t\t\t<\/div>\n\t\t\t\t\t\t\t\t<div class=\"woopspro-slider-conf\" data-conf=\"{&quot;slide_to_show&quot;:4,&quot;slide_to_show_for_mobile&quot;:1,&quot;slide_to_show_for_tablet&quot;:2,&quot;slide_to_show_for_laptop&quot;:3,&quot;slide_to_scroll&quot;:4,&quot;slide_to_scroll_for_mobile&quot;:1,&quot;slide_to_scroll_for_tablet&quot;:2,&quot;slide_to_scroll_for_laptop&quot;:3,&quot;autoplay&quot;:true,&quot;autoplay_speed&quot;:3000,&quot;speed&quot;:500,&quot;arrows&quot;:true,&quot;dots&quot;:false,&quot;rtl&quot;:false,&quot;slider_cls&quot;:&quot;products&quot;}\"><\/div>\n\t\t\t<\/div>\n\t\t\t<\/p>\n\n\n\n<section class=\"wp-block-uagb-section uagb-section__wrap uagb-section__background-undefined uagb-block-a04073bb\"><div class=\"uagb-section__overlay\"><\/div><div class=\"uagb-section__inner-wrap\"><\/div><\/section>\n\n\n\n\n\n\n\n<section class=\"wp-block-uagb-section uagb-section__wrap uagb-section__background-undefined uagb-block-2fe8d089\"><div class=\"uagb-section__overlay\"><\/div><div class=\"uagb-section__inner-wrap\"><\/div><\/section>\n","protected":false},"excerpt":{"rendered":"<p>Com esses recursos espera-se uma maior mobiliza\u00e7\u00e3o das secre\u00e7\u00f5es pulmonares, propiciando maior expectora\u00e7\u00e3o, melhora da complac\u00eancia pulmonar e da troca gasosa, diminuindo a falta de ar. Pr\u00e1tica comum no exterior, os aparelhos de vibra\u00e7\u00e3o de alta frequ\u00eancia da caixa tor\u00e1cica eram pouco utilizados no Brasil devido ao alto pre\u00e7o e, em especial, falta de pesquisas [&hellip;]<\/p>\n","protected":false},"author":1,"featured_media":0,"parent":0,"menu_order":0,"comment_status":"closed","ping_status":"closed","template":"","meta":{"_uag_custom_page_level_css":"","footnotes":""},"class_list":["post-58","page","type-page","status-publish","hentry"],"uagb_featured_image_src":{"full":false,"thumbnail":false,"medium":false,"medium_large":false,"large":false,"1536x1536":false,"2048x2048":false,"woocommerce_thumbnail":false,"woocommerce_single":false,"woocommerce_gallery_thumbnail":false},"uagb_author_info":{"display_name":"Admilson Marin","author_link":"https:\/\/expector.com.br\/es\/author\/_administrador\/"},"uagb_comment_info":0,"uagb_excerpt":"Com esses recursos espera-se uma maior mobiliza\u00e7\u00e3o das secre\u00e7\u00f5es pulmonares, propiciando maior expectora\u00e7\u00e3o, melhora da complac\u00eancia pulmonar e da troca gasosa, diminuindo a falta de ar. Pr\u00e1tica comum no exterior, os aparelhos de vibra\u00e7\u00e3o de alta frequ\u00eancia da caixa tor\u00e1cica eram pouco utilizados no Brasil devido ao alto pre\u00e7o e, em especial, falta de pesquisas&hellip;","_links":{"self":[{"href":"https:\/\/expector.com.br\/es\/wp-json\/wp\/v2\/pages\/58","targetHints":{"allow":["GET"]}}],"collection":[{"href":"https:\/\/expector.com.br\/es\/wp-json\/wp\/v2\/pages"}],"about":[{"href":"https:\/\/expector.com.br\/es\/wp-json\/wp\/v2\/types\/page"}],"author":[{"embeddable":true,"href":"https:\/\/expector.com.br\/es\/wp-json\/wp\/v2\/users\/1"}],"replies":[{"embeddable":true,"href":"https:\/\/expector.com.br\/es\/wp-json\/wp\/v2\/comments?post=58"}],"version-history":[{"count":104,"href":"https:\/\/expector.com.br\/es\/wp-json\/wp\/v2\/pages\/58\/revisions"}],"predecessor-version":[{"id":1596,"href":"https:\/\/expector.com.br\/es\/wp-json\/wp\/v2\/pages\/58\/revisions\/1596"}],"wp:attachment":[{"href":"https:\/\/expector.com.br\/es\/wp-json\/wp\/v2\/media?parent=58"}],"curies":[{"name":"wp","href":"https:\/\/api.w.org\/{rel}","templated":true}]}}